{"id":23,"date":"2023-01-25T22:04:49","date_gmt":"2023-01-25T22:04:49","guid":{"rendered":"https:\/\/cogmob.hu\/2024\/?page_id=23"},"modified":"2024-08-14T13:14:24","modified_gmt":"2024-08-14T13:14:24","slug":"registration-fees","status":"publish","type":"page","link":"https:\/\/cogmob.hu\/2024\/registration-fees\/","title":{"rendered":"Registration &amp; fees"},"content":{"rendered":"\n<h1>Registration and payment<\/h1>\n<!--\n<p>Click <a href=\"https:\/\/forms.gle\/Pwm4eDojBsQqWZq86\">here<\/a> for registration and invoice details.<\/p>\n-->\n<!--\nIn case of any invoice related questions please contact with the conference Treasurer Ms. Aniko Szakal at invoice@cogmob.hu\n\n\n<dl>\n\t<dt>Full price<\/dt><dd>350 \u20ac<\/dd>\n\t<dt>IEEE Members<\/dt><dd>300 \u20ac<\/dd>\n\t<dt>Students<\/dt><dd>300 \u20ac<\/dd>\n\t<dt>IEEE Students<\/dt><dd>250 \u20ac<\/dd>\n\t<dt>Second paper submission<\/dt><dd>200 \u20ac<\/dd>\n<\/dl>\nBeneficiary: IEEE RINS Chapters, Budapest, Hungary\nBeneficiary address: B\u00e9csi \u00fat 96\/b, H-1034 Budapest, Hungary\nBank: OTP Bank Rt.\nBank address: De\u00e1k F. u. 7-9, H-1052 Budapest, Hungary\nAccount No.: 11705008-20485478\nID Message (IMPORTANT!): CogMob 2023 \/ Participant Name \/ Paper number (from EasyChair)\nIBAN: HU62 1170 5008 2048 5478 0000 0000\nSwift code: OTPVHUHB\nBank transfer charges have to be paid by the registrant.\n-->\n\n\n\n<h4 class=\"wp-block-heading\">Registration<\/h4>\n\n\n\n<p><strong>As an author, please register and enter invoice details <a href=\"https:\/\/forms.gle\/Pwm4eDojBsQqWZq86\">here<\/a><\/strong>. (The registration form for Hungarian Chamber of Engineers education can be found below. A <strong>Budapesti \u00e9s Pest V\u00e1rmegyei M\u00e9rn\u00f6ki Kamara tagjai <\/strong>a lap alj\u00e1n tudnak regisztr\u00e1lni.)<\/p>\n\n\n\n<p>Full price: 350 \u20ac<br>IEEE Members: 300 \u20ac<br>Students: 300 \u20ac<br>IEEE Students: 250 \u20ac<br>Second paper submission: 200 \u20ac<\/p>\n\n\n\n<p><span style=\"text-decoration: underline;\">In case your paper is longer than 6 pages, an overlength charge of 25 \u20ac\/page apply.<\/span><\/p>\n\n\n\n<p>Registration fees include:<\/p>\n\n\n\n<ul class=\"wp-block-list\">\n<li>Presentation of 1 submitted paper; for second paper submissions applies an additional fee*,<\/li>\n\n\n\n<li>Access to all official conference sessions,<\/li>\n\n\n\n<li>Admission to the Banquet,<\/li>\n\n\n\n<li>Participant kit,<\/li>\n\n\n\n<li>Name card,<\/li>\n\n\n\n<li>The conference proceedings (download or USB key),<\/li>\n\n\n\n<li>Printed schedule.<\/li>\n<\/ul>\n\n\n\n<p>* <em>Exception: One Demo Paper is free if it is authored and presented by an author who has already registered a full paper or abstract.<\/em><\/p>\n\n\n\n<p>Registration is required for all conference participants. All prices include 27% VAT.<\/p>\n\n\n\n<h4 class=\"wp-block-heading\">Payment<\/h4>\n\n\n\n<p>Payments shall be made in EUR to the CogMob2024 Conference Organizers by bank transfer. All bank fees should be paid by the sender.<\/p>\n\n\n\n<p>Banktransfer has to be made to<\/p>\n\n\n\n<p>Account Holder: Cogsust Nonprofit Ltd.<br>IBAN: HU25120122040179976200300004<br>Name of Bank: Raiffeisen Bank Zrt<br>Address of Bank: 1133 Budapest, V\u00e1ci \u00fat 116-118<br>SWIFT Code: UBRTHUHBXXX<\/p>\n\n\n\n<p>Please indicate CogMob2024 and the name of the participant(s).<\/p>\n\n\n\n<h4 class=\"wp-block-heading\">Confirmation<\/h4>\n\n\n\n<p>Confirmation\/Invoice will be sent to all participants by the Organizers upon receipt of registration and payment.<\/p>\n\n\n\n<h4 class=\"wp-block-heading\">Cancellation Policy of Registration<\/h4>\n\n\n\n<p>All cancellations and changes must be sent to the Organizers (conference@cogmob.hu) in written form. All refunds will be processed after the CogMob2024 Conference. Please send your exact bank account details in a written cancellation.<\/p>\n\n\n\n<p>Refund of the registration fee will be applied as follows:<\/p>\n\n\n\n<ul class=\"wp-block-list\">\n<li>90% of total costs if the ordered items are cancelled before September 6<sup>th<\/sup>, 2024,<\/li>\n\n\n\n<li>0% of total costs thereafter.<\/li>\n<\/ul>\n\n\n\n<h4 class=\"wp-block-heading\">Registration for chamber members &#8211; Regisztr\u00e1ci\u00f3 a Budapesti \u00e9s Pest V\u00e1rmegyei M\u00e9rn\u00f6ki Kamara tagjai sz\u00e1m\u00e1ra<\/h4>\n\n\n\n<p>A konferencia a Budapesti \u00e9s Pest V\u00e1rmegyei M\u00e9rn\u00f6ki Kamara tagjai sz\u00e1m\u00e1ra szakmai tov\u00e1bbk\u00e9pz\u00e9sk\u00e9nt elfogadtathat\u00f3. Kamarai tagk\u00e9nt, k\u00e9rj\u00fck, <a href=\"https:\/\/forms.gle\/6PNH1cvHiuaSRD1a8\">itt<\/a> regisztr\u00e1ljon. <\/p>\n\n\n\n<p>A r\u00e9szv\u00e9tel d\u00edja 10 000 Ft + \u00c1fa (27%), mely tartalmaz egy meleg \u00e9tkez\u00e9st. A regisztr\u00e1ci\u00f3t k\u00f6vet\u0151en a d\u00edj befizet\u00e9s\u00e9nek hat\u00e1rideje szeptember 30., h\u00e9tf\u0151, 12 \u00f3ra.<\/p>\n\n\n\n<p>A r\u00e9szv\u00e9teli d\u00edj a Cogsust Nonprofit Kft. fent szerepl\u0151 banksz\u00e1mlasz\u00e1m\u00e1ra utalhat\u00f3, megjegyz\u00e9sben k\u00e9rj\u00fck megjel\u00f6lni a r\u00e9sztvev\u0151 nev\u00e9t \u00e9s a BPMK r\u00f6vid\u00edt\u00e9st.<\/p>\n","protected":false},"excerpt":{"rendered":"<p>Registration and payment Registration As an author, please register and enter invoice details here. (The registration form for Hungarian Chamber of Engineers&hellip; <span><a href=\"https:\/\/cogmob.hu\/2024\/registration-fees\/\">( Read More )<\/a><\/span><\/p>\n","protected":false},"author":1,"featured_media":0,"parent":0,"menu_order":0,"comment_status":"closed","ping_status":"closed","template":"","meta":{"footnotes":""},"class_list":["post-23","page","type-page","status-publish","hentry"],"_links":{"self":[{"href":"https:\/\/cogmob.hu\/2024\/wp-json\/wp\/v2\/pages\/23","targetHints":{"allow":["GET"]}}],"collection":[{"href":"https:\/\/cogmob.hu\/2024\/wp-json\/wp\/v2\/pages"}],"about":[{"href":"https:\/\/cogmob.hu\/2024\/wp-json\/wp\/v2\/types\/page"}],"author":[{"embeddable":true,"href":"https:\/\/cogmob.hu\/2024\/wp-json\/wp\/v2\/users\/1"}],"replies":[{"embeddable":true,"href":"https:\/\/cogmob.hu\/2024\/wp-json\/wp\/v2\/comments?post=23"}],"version-history":[{"count":51,"href":"https:\/\/cogmob.hu\/2024\/wp-json\/wp\/v2\/pages\/23\/revisions"}],"predecessor-version":[{"id":680,"href":"https:\/\/cogmob.hu\/2024\/wp-json\/wp\/v2\/pages\/23\/revisions\/680"}],"wp:attachment":[{"href":"https:\/\/cogmob.hu\/2024\/wp-json\/wp\/v2\/media?parent=23"}],"curies":[{"name":"wp","href":"https:\/\/api.w.org\/{rel}","templated":true}]}}